{"id":2121,"date":"2019-12-01T12:53:08","date_gmt":"2019-12-01T11:53:08","guid":{"rendered":"https:\/\/littexpress.iut.u-bordeaux-montaigne.fr\/index.php\/tableau-de-bord-des-evenements\/"},"modified":"2019-12-01T12:53:08","modified_gmt":"2019-12-01T11:53:08","slug":"tableau-de-bord-des-evenements","status":"publish","type":"page","link":"https:\/\/littexpress.iut.u-bordeaux-montaigne.fr\/index.php\/tableau-de-bord-des-evenements\/","title":{"rendered":"Tableau de bord des \u00e9v\u00e8nements"},"content":{"rendered":"<div id=\"event-manager-event-dashboard\">\n\t<p class=\"account-sign-in wpem-alert wpem-alert-info\">\n    Vous devez \u00eatre connect\u00e9\u00b7e pour g\u00e9rer vos annonces. \n\t\t<a href=\"https:\/\/littexpress.iut.u-bordeaux-montaigne.fr\/wp-login.php\">\n\t\t\tSe connecter\t\t<\/a>\n\t<\/p>\n<\/div>\n\n","protected":false},"excerpt":{"rendered":"","protected":false},"author":1,"featured_media":0,"parent":0,"menu_order":0,"comment_status":"closed","ping_status":"closed","template":"","meta":{"episode_type":"","audio_file":"","podmotor_file_id":"","podmotor_episode_id":"","cover_image":"","cover_image_id":"","duration":"","filesize":"","filesize_raw":"","date_recorded":"","explicit":"","block":"","itunes_episode_number":"","itunes_title":"","itunes_season_number":"","itunes_episode_type":"","h5ap_radio_sources":[],"footnotes":""},"class_list":["post-2121","page","type-page","status-publish","hentry"],"yoast_head":"<!-- This site is optimized with the Yoast SEO plugin v27.4 - https:\/\/yoast.com\/product\/yoast-seo-wordpress\/ -->\n<title>Tableau de bord des \u00e9v\u00e8nements - Litt&#039;Express<\/title>\n<meta name=\"robots\" content=\"index, follow, max-snippet:-1, max-image-preview:large, max-video-preview:-1\" \/>\n<link rel=\"canonical\" href=\"https:\/\/littexpress.iut.u-bordeaux-montaigne.fr\/index.php\/tableau-de-bord-des-evenements\/\" \/>\n<meta property=\"og:locale\" content=\"fr_FR\" \/>\n<meta property=\"og:type\" content=\"article\" \/>\n<meta property=\"og:title\" content=\"Tableau de bord des \u00e9v\u00e8nements - Litt&#039;Express\" \/>\n<meta property=\"og:url\" content=\"https:\/\/littexpress.iut.u-bordeaux-montaigne.fr\/index.php\/tableau-de-bord-des-evenements\/\" \/>\n<meta property=\"og:site_name\" content=\"Litt&#039;Express\" \/>\n<meta property=\"article:publisher\" content=\"https:\/\/www.facebook.com\/mlpbordeaux\/\" \/>\n<meta name=\"twitter:card\" content=\"summary_large_image\" \/>\n<script type=\"application\/ld+json\" class=\"yoast-schema-graph\">{\"@context\":\"https:\\\/\\\/schema.org\",\"@graph\":[{\"@type\":\"WebPage\",\"@id\":\"https:\\\/\\\/littexpress.iut.u-bordeaux-montaigne.fr\\\/index.php\\\/tableau-de-bord-des-evenements\\\/\",\"url\":\"https:\\\/\\\/littexpress.iut.u-bordeaux-montaigne.fr\\\/index.php\\\/tableau-de-bord-des-evenements\\\/\",\"name\":\"Tableau de bord des \u00e9v\u00e8nements - Litt&#039;Express\",\"isPartOf\":{\"@id\":\"https:\\\/\\\/littexpress.iut.u-bordeaux-montaigne.fr\\\/#website\"},\"datePublished\":\"2019-12-01T11:53:08+00:00\",\"breadcrumb\":{\"@id\":\"https:\\\/\\\/littexpress.iut.u-bordeaux-montaigne.fr\\\/index.php\\\/tableau-de-bord-des-evenements\\\/#breadcrumb\"},\"inLanguage\":\"fr-FR\",\"potentialAction\":[{\"@type\":\"ReadAction\",\"target\":[\"https:\\\/\\\/littexpress.iut.u-bordeaux-montaigne.fr\\\/index.php\\\/tableau-de-bord-des-evenements\\\/\"]}]},{\"@type\":\"BreadcrumbList\",\"@id\":\"https:\\\/\\\/littexpress.iut.u-bordeaux-montaigne.fr\\\/index.php\\\/tableau-de-bord-des-evenements\\\/#breadcrumb\",\"itemListElement\":[{\"@type\":\"ListItem\",\"position\":1,\"name\":\"Accueil\",\"item\":\"https:\\\/\\\/littexpress.iut.u-bordeaux-montaigne.fr\\\/\"},{\"@type\":\"ListItem\",\"position\":2,\"name\":\"Tableau de bord des \u00e9v\u00e8nements\"}]},{\"@type\":\"WebSite\",\"@id\":\"https:\\\/\\\/littexpress.iut.u-bordeaux-montaigne.fr\\\/#website\",\"url\":\"https:\\\/\\\/littexpress.iut.u-bordeaux-montaigne.fr\\\/\",\"name\":\"Litt&#039;Express\",\"description\":\"Les litt\u00e9ratures du monde vues par la fili\u00e8re M\u00e9tiers du livre de l&#039;IUT Bordeaux Montaigne\",\"potentialAction\":[{\"@type\":\"SearchAction\",\"target\":{\"@type\":\"EntryPoint\",\"urlTemplate\":\"https:\\\/\\\/littexpress.iut.u-bordeaux-montaigne.fr\\\/?s={search_term_string}\"},\"query-input\":{\"@type\":\"PropertyValueSpecification\",\"valueRequired\":true,\"valueName\":\"search_term_string\"}}],\"inLanguage\":\"fr-FR\"}]}<\/script>\n<!-- \/ Yoast SEO plugin. -->","yoast_head_json":{"title":"Tableau de bord des \u00e9v\u00e8nements - Litt&#039;Express","robots":{"index":"index","follow":"follow","max-snippet":"max-snippet:-1","max-image-preview":"max-image-preview:large","max-video-preview":"max-video-preview:-1"},"canonical":"https:\/\/littexpress.iut.u-bordeaux-montaigne.fr\/index.php\/tableau-de-bord-des-evenements\/","og_locale":"fr_FR","og_type":"article","og_title":"Tableau de bord des \u00e9v\u00e8nements - Litt&#039;Express","og_url":"https:\/\/littexpress.iut.u-bordeaux-montaigne.fr\/index.php\/tableau-de-bord-des-evenements\/","og_site_name":"Litt&#039;Express","article_publisher":"https:\/\/www.facebook.com\/mlpbordeaux\/","twitter_card":"summary_large_image","schema":{"@context":"https:\/\/schema.org","@graph":[{"@type":"WebPage","@id":"https:\/\/littexpress.iut.u-bordeaux-montaigne.fr\/index.php\/tableau-de-bord-des-evenements\/","url":"https:\/\/littexpress.iut.u-bordeaux-montaigne.fr\/index.php\/tableau-de-bord-des-evenements\/","name":"Tableau de bord des \u00e9v\u00e8nements - Litt&#039;Express","isPartOf":{"@id":"https:\/\/littexpress.iut.u-bordeaux-montaigne.fr\/#website"},"datePublished":"2019-12-01T11:53:08+00:00","breadcrumb":{"@id":"https:\/\/littexpress.iut.u-bordeaux-montaigne.fr\/index.php\/tableau-de-bord-des-evenements\/#breadcrumb"},"inLanguage":"fr-FR","potentialAction":[{"@type":"ReadAction","target":["https:\/\/littexpress.iut.u-bordeaux-montaigne.fr\/index.php\/tableau-de-bord-des-evenements\/"]}]},{"@type":"BreadcrumbList","@id":"https:\/\/littexpress.iut.u-bordeaux-montaigne.fr\/index.php\/tableau-de-bord-des-evenements\/#breadcrumb","itemListElement":[{"@type":"ListItem","position":1,"name":"Accueil","item":"https:\/\/littexpress.iut.u-bordeaux-montaigne.fr\/"},{"@type":"ListItem","position":2,"name":"Tableau de bord des \u00e9v\u00e8nements"}]},{"@type":"WebSite","@id":"https:\/\/littexpress.iut.u-bordeaux-montaigne.fr\/#website","url":"https:\/\/littexpress.iut.u-bordeaux-montaigne.fr\/","name":"Litt&#039;Express","description":"Les litt\u00e9ratures du monde vues par la fili\u00e8re M\u00e9tiers du livre de l&#039;IUT Bordeaux Montaigne","potentialAction":[{"@type":"SearchAction","target":{"@type":"EntryPoint","urlTemplate":"https:\/\/littexpress.iut.u-bordeaux-montaigne.fr\/?s={search_term_string}"},"query-input":{"@type":"PropertyValueSpecification","valueRequired":true,"valueName":"search_term_string"}}],"inLanguage":"fr-FR"}]}},"_links":{"self":[{"href":"https:\/\/littexpress.iut.u-bordeaux-montaigne.fr\/index.php\/wp-json\/wp\/v2\/pages\/2121","targetHints":{"allow":["GET"]}}],"collection":[{"href":"https:\/\/littexpress.iut.u-bordeaux-montaigne.fr\/index.php\/wp-json\/wp\/v2\/pages"}],"about":[{"href":"https:\/\/littexpress.iut.u-bordeaux-montaigne.fr\/index.php\/wp-json\/wp\/v2\/types\/page"}],"author":[{"embeddable":true,"href":"https:\/\/littexpress.iut.u-bordeaux-montaigne.fr\/index.php\/wp-json\/wp\/v2\/users\/1"}],"replies":[{"embeddable":true,"href":"https:\/\/littexpress.iut.u-bordeaux-montaigne.fr\/index.php\/wp-json\/wp\/v2\/comments?post=2121"}],"version-history":[{"count":0,"href":"https:\/\/littexpress.iut.u-bordeaux-montaigne.fr\/index.php\/wp-json\/wp\/v2\/pages\/2121\/revisions"}],"wp:attachment":[{"href":"https:\/\/littexpress.iut.u-bordeaux-montaigne.fr\/index.php\/wp-json\/wp\/v2\/media?parent=2121"}],"curies":[{"name":"wp","href":"https:\/\/api.w.org\/{rel}","templated":true}]}}