{"id":72,"date":"2018-01-28T09:00:16","date_gmt":"2018-01-28T08:00:16","guid":{"rendered":"https:\/\/littexpress.iut.u-bordeaux-montaigne.fr\/?page_id=72"},"modified":"2018-02-13T16:02:30","modified_gmt":"2018-02-13T15:02:30","slug":"a-propos","status":"publish","type":"page","link":"https:\/\/littexpress.iut.u-bordeaux-montaigne.fr\/index.php\/a-propos\/","title":{"rendered":"A PROPOS"},"content":{"rendered":"<p>Ce blog propose les meilleures critiques d&rsquo;ouvrages r\u00e9alis\u00e9es par les \u00e9l\u00e8ves de l&rsquo;IUT M\u00e9tiers du livre de l&rsquo;universit\u00e9 Bordeaux Montaigne. R\u00e9alis\u00e9 au cours de l&rsquo;ann\u00e9e 2017-2018 dans le cadre d&rsquo;un projet tutor\u00e9, il a \u00e9t\u00e9 encadr\u00e9 par deux professeurs du DUT : Mme Fran\u00e7oise Lagarde et Madame Claire March\u00e9.<\/p>\n<p>Ce travail s&rsquo;inscrit dans la continuit\u00e9 du blog initi\u00e9 en 2007 par<a href=\"https:\/\/littexpress.over-blog.net\/\" target=\"_blank\" rel=\"noopener\"> Monsieur Deyts<\/a> et aliment\u00e9 jusqu&rsquo;en 2013. Littexpress a \u00e9t\u00e9 cr\u00e9\u00e9 par quatre \u00e9tudiants M\u00e9tiers du livre et du patrimoine, fili\u00e8re Biblioth\u00e8ques en ann\u00e9e sp\u00e9ciale.<\/p>\n<p>C\u00e9line Combes<br \/>\nCl\u00e9mence Guichet<br \/>\nAndreya Khylya<br \/>\nMargot Lavois<\/p>\n<p>Etudiantes Fili\u00e8re Biblioth\u00e8ques-M\u00e9diath\u00e8ques<br \/>\nPromotion Ann\u00e9e Sp\u00e9ciale 2017-2018<\/p>\n","protected":false},"excerpt":{"rendered":"<p>Ce blog propose les meilleures critiques d&rsquo;ouvrages r\u00e9alis\u00e9es par les \u00e9l\u00e8ves de l&rsquo;IUT M\u00e9tiers du livre de l&rsquo;universit\u00e9 Bordeaux Montaigne. R\u00e9alis\u00e9 au cours de l&rsquo;ann\u00e9e 2017-2018 dans le cadre d&rsquo;un projet tutor\u00e9, il a \u00e9t\u00e9 encadr\u00e9 par deux professeurs du DUT : Mme Fran\u00e7oise Lagarde et Madame Claire March\u00e9. Ce travail s&rsquo;inscrit dans la continuit\u00e9 [&hellip;]<\/p>\n","protected":false},"author":1,"featured_media":0,"parent":0,"menu_order":0,"comment_status":"closed","ping_status":"closed","template":"","meta":{"episode_type":"","audio_file":"","podmotor_file_id":"","podmotor_episode_id":"","cover_image":"","cover_image_id":"","duration":"","filesize":"","filesize_raw":"","date_recorded":"","explicit":"","block":"","itunes_episode_number":"","itunes_title":"","itunes_season_number":"","itunes_episode_type":"","h5ap_radio_sources":[],"footnotes":""},"class_list":["post-72","page","type-page","status-publish","hentry"],"yoast_head":"<!-- This site is optimized with the Yoast SEO plugin v27.5 - https:\/\/yoast.com\/product\/yoast-seo-wordpress\/ -->\n<title>A PROPOS - Litt&#039;Express<\/title>\n<meta name=\"robots\" content=\"index, follow, max-snippet:-1, max-image-preview:large, max-video-preview:-1\" \/>\n<link rel=\"canonical\" href=\"https:\/\/littexpress.iut.u-bordeaux-montaigne.fr\/index.php\/a-propos\/\" \/>\n<meta property=\"og:locale\" content=\"fr_FR\" \/>\n<meta property=\"og:type\" content=\"article\" \/>\n<meta property=\"og:title\" content=\"A PROPOS - Litt&#039;Express\" \/>\n<meta property=\"og:description\" content=\"Ce blog propose les meilleures critiques d&rsquo;ouvrages r\u00e9alis\u00e9es par les \u00e9l\u00e8ves de l&rsquo;IUT M\u00e9tiers du livre de l&rsquo;universit\u00e9 Bordeaux Montaigne. R\u00e9alis\u00e9 au cours de l&rsquo;ann\u00e9e 2017-2018 dans le cadre d&rsquo;un projet tutor\u00e9, il a \u00e9t\u00e9 encadr\u00e9 par deux professeurs du DUT : Mme Fran\u00e7oise Lagarde et Madame Claire March\u00e9. Ce travail s&rsquo;inscrit dans la continuit\u00e9 [&hellip;]\" \/>\n<meta property=\"og:url\" content=\"https:\/\/littexpress.iut.u-bordeaux-montaigne.fr\/index.php\/a-propos\/\" \/>\n<meta property=\"og:site_name\" content=\"Litt&#039;Express\" \/>\n<meta property=\"article:publisher\" content=\"https:\/\/www.facebook.com\/mlpbordeaux\/\" \/>\n<meta property=\"article:modified_time\" content=\"2018-02-13T15:02:30+00:00\" \/>\n<meta name=\"twitter:card\" content=\"summary_large_image\" \/>\n<meta name=\"twitter:label1\" content=\"Dur\u00e9e de lecture estim\u00e9e\" \/>\n\t<meta name=\"twitter:data1\" content=\"1 minute\" \/>\n<script type=\"application\/ld+json\" class=\"yoast-schema-graph\">{\"@context\":\"https:\\\/\\\/schema.org\",\"@graph\":[{\"@type\":\"WebPage\",\"@id\":\"https:\\\/\\\/littexpress.iut.u-bordeaux-montaigne.fr\\\/index.php\\\/a-propos\\\/\",\"url\":\"https:\\\/\\\/littexpress.iut.u-bordeaux-montaigne.fr\\\/index.php\\\/a-propos\\\/\",\"name\":\"A PROPOS - Litt&#039;Express\",\"isPartOf\":{\"@id\":\"https:\\\/\\\/littexpress.iut.u-bordeaux-montaigne.fr\\\/#website\"},\"datePublished\":\"2018-01-28T08:00:16+00:00\",\"dateModified\":\"2018-02-13T15:02:30+00:00\",\"breadcrumb\":{\"@id\":\"https:\\\/\\\/littexpress.iut.u-bordeaux-montaigne.fr\\\/index.php\\\/a-propos\\\/#breadcrumb\"},\"inLanguage\":\"fr-FR\",\"potentialAction\":[{\"@type\":\"ReadAction\",\"target\":[\"https:\\\/\\\/littexpress.iut.u-bordeaux-montaigne.fr\\\/index.php\\\/a-propos\\\/\"]}]},{\"@type\":\"BreadcrumbList\",\"@id\":\"https:\\\/\\\/littexpress.iut.u-bordeaux-montaigne.fr\\\/index.php\\\/a-propos\\\/#breadcrumb\",\"itemListElement\":[{\"@type\":\"ListItem\",\"position\":1,\"name\":\"Accueil\",\"item\":\"https:\\\/\\\/littexpress.iut.u-bordeaux-montaigne.fr\\\/\"},{\"@type\":\"ListItem\",\"position\":2,\"name\":\"A PROPOS\"}]},{\"@type\":\"WebSite\",\"@id\":\"https:\\\/\\\/littexpress.iut.u-bordeaux-montaigne.fr\\\/#website\",\"url\":\"https:\\\/\\\/littexpress.iut.u-bordeaux-montaigne.fr\\\/\",\"name\":\"Litt&#039;Express\",\"description\":\"Les litt\u00e9ratures du monde vues par la fili\u00e8re M\u00e9tiers du livre de l&#039;IUT Bordeaux Montaigne\",\"potentialAction\":[{\"@type\":\"SearchAction\",\"target\":{\"@type\":\"EntryPoint\",\"urlTemplate\":\"https:\\\/\\\/littexpress.iut.u-bordeaux-montaigne.fr\\\/?s={search_term_string}\"},\"query-input\":{\"@type\":\"PropertyValueSpecification\",\"valueRequired\":true,\"valueName\":\"search_term_string\"}}],\"inLanguage\":\"fr-FR\"}]}<\/script>\n<!-- \/ Yoast SEO plugin. -->","yoast_head_json":{"title":"A PROPOS - Litt&#039;Express","robots":{"index":"index","follow":"follow","max-snippet":"max-snippet:-1","max-image-preview":"max-image-preview:large","max-video-preview":"max-video-preview:-1"},"canonical":"https:\/\/littexpress.iut.u-bordeaux-montaigne.fr\/index.php\/a-propos\/","og_locale":"fr_FR","og_type":"article","og_title":"A PROPOS - Litt&#039;Express","og_description":"Ce blog propose les meilleures critiques d&rsquo;ouvrages r\u00e9alis\u00e9es par les \u00e9l\u00e8ves de l&rsquo;IUT M\u00e9tiers du livre de l&rsquo;universit\u00e9 Bordeaux Montaigne. R\u00e9alis\u00e9 au cours de l&rsquo;ann\u00e9e 2017-2018 dans le cadre d&rsquo;un projet tutor\u00e9, il a \u00e9t\u00e9 encadr\u00e9 par deux professeurs du DUT : Mme Fran\u00e7oise Lagarde et Madame Claire March\u00e9. Ce travail s&rsquo;inscrit dans la continuit\u00e9 [&hellip;]","og_url":"https:\/\/littexpress.iut.u-bordeaux-montaigne.fr\/index.php\/a-propos\/","og_site_name":"Litt&#039;Express","article_publisher":"https:\/\/www.facebook.com\/mlpbordeaux\/","article_modified_time":"2018-02-13T15:02:30+00:00","twitter_card":"summary_large_image","twitter_misc":{"Dur\u00e9e de lecture estim\u00e9e":"1 minute"},"schema":{"@context":"https:\/\/schema.org","@graph":[{"@type":"WebPage","@id":"https:\/\/littexpress.iut.u-bordeaux-montaigne.fr\/index.php\/a-propos\/","url":"https:\/\/littexpress.iut.u-bordeaux-montaigne.fr\/index.php\/a-propos\/","name":"A PROPOS - Litt&#039;Express","isPartOf":{"@id":"https:\/\/littexpress.iut.u-bordeaux-montaigne.fr\/#website"},"datePublished":"2018-01-28T08:00:16+00:00","dateModified":"2018-02-13T15:02:30+00:00","breadcrumb":{"@id":"https:\/\/littexpress.iut.u-bordeaux-montaigne.fr\/index.php\/a-propos\/#breadcrumb"},"inLanguage":"fr-FR","potentialAction":[{"@type":"ReadAction","target":["https:\/\/littexpress.iut.u-bordeaux-montaigne.fr\/index.php\/a-propos\/"]}]},{"@type":"BreadcrumbList","@id":"https:\/\/littexpress.iut.u-bordeaux-montaigne.fr\/index.php\/a-propos\/#breadcrumb","itemListElement":[{"@type":"ListItem","position":1,"name":"Accueil","item":"https:\/\/littexpress.iut.u-bordeaux-montaigne.fr\/"},{"@type":"ListItem","position":2,"name":"A PROPOS"}]},{"@type":"WebSite","@id":"https:\/\/littexpress.iut.u-bordeaux-montaigne.fr\/#website","url":"https:\/\/littexpress.iut.u-bordeaux-montaigne.fr\/","name":"Litt&#039;Express","description":"Les litt\u00e9ratures du monde vues par la fili\u00e8re M\u00e9tiers du livre de l&#039;IUT Bordeaux Montaigne","potentialAction":[{"@type":"SearchAction","target":{"@type":"EntryPoint","urlTemplate":"https:\/\/littexpress.iut.u-bordeaux-montaigne.fr\/?s={search_term_string}"},"query-input":{"@type":"PropertyValueSpecification","valueRequired":true,"valueName":"search_term_string"}}],"inLanguage":"fr-FR"}]}},"_links":{"self":[{"href":"https:\/\/littexpress.iut.u-bordeaux-montaigne.fr\/index.php\/wp-json\/wp\/v2\/pages\/72","targetHints":{"allow":["GET"]}}],"collection":[{"href":"https:\/\/littexpress.iut.u-bordeaux-montaigne.fr\/index.php\/wp-json\/wp\/v2\/pages"}],"about":[{"href":"https:\/\/littexpress.iut.u-bordeaux-montaigne.fr\/index.php\/wp-json\/wp\/v2\/types\/page"}],"author":[{"embeddable":true,"href":"https:\/\/littexpress.iut.u-bordeaux-montaigne.fr\/index.php\/wp-json\/wp\/v2\/users\/1"}],"replies":[{"embeddable":true,"href":"https:\/\/littexpress.iut.u-bordeaux-montaigne.fr\/index.php\/wp-json\/wp\/v2\/comments?post=72"}],"version-history":[{"count":8,"href":"https:\/\/littexpress.iut.u-bordeaux-montaigne.fr\/index.php\/wp-json\/wp\/v2\/pages\/72\/revisions"}],"predecessor-version":[{"id":470,"href":"https:\/\/littexpress.iut.u-bordeaux-montaigne.fr\/index.php\/wp-json\/wp\/v2\/pages\/72\/revisions\/470"}],"wp:attachment":[{"href":"https:\/\/littexpress.iut.u-bordeaux-montaigne.fr\/index.php\/wp-json\/wp\/v2\/media?parent=72"}],"curies":[{"name":"wp","href":"https:\/\/api.w.org\/{rel}","templated":true}]}}